{"id":53,"date":"2021-09-29T12:16:46","date_gmt":"2021-09-29T10:16:46","guid":{"rendered":"https:\/\/bergamottcottage.com\/?page_id=53"},"modified":"2025-10-13T15:18:36","modified_gmt":"2025-10-13T13:18:36","slug":"contact","status":"publish","type":"page","link":"https:\/\/bergamottcottage.com\/en_en\/contact\/","title":{"rendered":"Contact"},"content":{"rendered":"\n<div style=\"height:47px\" aria-hidden=\"true\" class=\"wp-block-spacer\"><\/div>\n\n\n\n<p><\/p>\n\n\n\n<div class=\"wp-block-columns is-layout-flex wp-container-core-columns-is-layout-28f84493 wp-block-columns-is-layout-flex\">\n<div class=\"wp-block-column is-layout-flow wp-block-column-is-layout-flow\" style=\"flex-basis:33.33%\">\n<figure class=\"wp-block-image size-full is-resized\"><img loading=\"lazy\" decoding=\"async\" width=\"420\" height=\"630\" src=\"https:\/\/bergamottcottage.com\/wp-content\/uploads\/2021\/09\/bergamott-cottage-contact.jpg\" alt=\"\" class=\"wp-image-54\" style=\"width:448px;height:671px\" srcset=\"https:\/\/bergamottcottage.com\/wp-content\/uploads\/2021\/09\/bergamott-cottage-contact.jpg 420w, https:\/\/bergamottcottage.com\/wp-content\/uploads\/2021\/09\/bergamott-cottage-contact-200x300.jpg 200w, https:\/\/bergamottcottage.com\/wp-content\/uploads\/2021\/09\/bergamott-cottage-contact-380x570.jpg 380w\" sizes=\"auto, (max-width: 420px) 100vw, 420px\" \/><\/figure>\n<\/div>\n\n\n\n<div class=\"wp-block-column is-layout-flow wp-block-column-is-layout-flow\" style=\"flex-basis:66.66%\">\n<p><\/p>\n\n\n<div class=\"wpforms-container wpforms-container-full wpforms-block wpforms-block-57b1de73-317c-4d16-a4ab-03d73d3a4e2f\" id=\"wpforms-60\"><form id=\"wpforms-form-60\" class=\"wpforms-validate wpforms-form wpforms-ajax-form\" data-formid=\"60\" method=\"post\" enctype=\"multipart\/form-data\" action=\"\/en_en\/wp-json\/wp\/v2\/pages\/53\" data-token=\"cba67b6134a87fe1b70287d385e783c0\" data-token-time=\"1777459099\"><noscript class=\"wpforms-error-noscript\">Please enable JavaScript in your browser to complete this form.<\/noscript><div class=\"wpforms-field-container\"><div id=\"wpforms-60-field_0-container\" class=\"wpforms-field wpforms-field-name\" data-field-id=\"0\"><label class=\"wpforms-field-label\">Vos pr\u00e9nom et nom <span class=\"wpforms-required-label\">*<\/span><\/label><div class=\"wpforms-field-row wpforms-field-medium\"><div class=\"wpforms-field-row-block wpforms-first wpforms-one-half\"><input type=\"text\" id=\"wpforms-60-field_0\" class=\"wpforms-field-name-first wpforms-field-required\" name=\"wpforms[fields][0][first]\" required><label for=\"wpforms-60-field_0\" class=\"wpforms-field-sublabel after\">First<\/label><\/div><div class=\"wpforms-field-row-block wpforms-one-half\"><input type=\"text\" id=\"wpforms-60-field_0-last\" class=\"wpforms-field-name-last wpforms-field-required\" name=\"wpforms[fields][0][last]\" required><label for=\"wpforms-60-field_0-last\" class=\"wpforms-field-sublabel after\">Last<\/label><\/div><\/div><\/div><div id=\"wpforms-60-field_1-container\" class=\"wpforms-field wpforms-field-email\" data-field-id=\"1\"><label class=\"wpforms-field-label\" for=\"wpforms-60-field_1\">Votre adresse de messagerie <span class=\"wpforms-required-label\">*<\/span><\/label><input type=\"email\" id=\"wpforms-60-field_1\" class=\"wpforms-field-medium wpforms-field-required\" name=\"wpforms[fields][1]\" placeholder=\"Votre mail\" spellcheck=\"false\" required><\/div><div id=\"wpforms-60-field_2-container\" class=\"wpforms-field wpforms-field-textarea\" data-field-id=\"2\"><label class=\"wpforms-field-label\" for=\"wpforms-60-field_2\">Votre message <span class=\"wpforms-required-label\">*<\/span><\/label><textarea id=\"wpforms-60-field_2\" class=\"wpforms-field-medium wpforms-field-required\" name=\"wpforms[fields][2]\" placeholder=\"C&#039;est \u00e0 vous...\" required><\/textarea><\/div><div id=\"wpforms-60-field_4-container\" class=\"wpforms-field wpforms-field-checkbox\" data-field-id=\"4\"><label class=\"wpforms-field-label\">RGPD <span class=\"wpforms-required-label\">*<\/span><\/label><ul id=\"wpforms-60-field_4\" class=\"wpforms-field-required\"><li class=\"choice-1 depth-1\"><input type=\"checkbox\" id=\"wpforms-60-field_4_1\" name=\"wpforms[fields][4][]\" value=\"J&#039;ai lu et accept\u00e9 les mentions l\u00e9gales et la politique de confidentialit\u00e9 relative aux cookies\" required ><label class=\"wpforms-field-label-inline\" for=\"wpforms-60-field_4_1\">J&rsquo;ai lu et accept\u00e9 les mentions l\u00e9gales et la politique de confidentialit\u00e9 relative aux cookies<\/label><\/li><\/ul><\/div><div id=\"wpforms-60-field_7-container\" class=\"wpforms-field wpforms-field-checkbox my-fancy-field\" data-field-id=\"7\"><label class=\"wpforms-field-label\">Cases \u00e0 cocher<\/label><ul id=\"wpforms-60-field_7\"><li class=\"choice-1 depth-1\"><input type=\"checkbox\" id=\"wpforms-60-field_7_1\" name=\"wpforms[fields][7][]\" value=\"Je suis un humain\"  ><label class=\"wpforms-field-label-inline\" for=\"wpforms-60-field_7_1\">Je suis un humain<\/label><\/li><\/ul><\/div><\/div><!-- .wpforms-field-container --><div class=\"wpforms-submit-container\" ><input type=\"hidden\" name=\"wpforms[id]\" value=\"60\"><input type=\"hidden\" name=\"page_title\" value=\"\"><input type=\"hidden\" name=\"page_url\" value=\"https:\/\/bergamottcottage.com\/en_en\/wp-json\/wp\/v2\/pages\/53\"><input type=\"hidden\" name=\"url_referer\" value=\"\"><button type=\"submit\" name=\"wpforms[submit]\" id=\"wpforms-submit-60\" class=\"wpforms-submit\" data-alt-text=\"Envoi en cours...\" data-submit-text=\"Envoyer\" aria-live=\"assertive\" value=\"wpforms-submit\">Envoyer<\/button><img loading=\"lazy\" decoding=\"async\" src=\"https:\/\/bergamottcottage.com\/wp-content\/plugins\/wpforms-lite\/assets\/images\/submit-spin.svg\" class=\"wpforms-submit-spinner\" style=\"display: none;\" width=\"26\" height=\"26\" alt=\"Loading\"><\/div><\/form><\/div>  <!-- .wpforms-container --><\/div>\n<\/div>\n\n\n\n<div class=\"wp-block-essential-blocks-wrapper  root-eb-wrapper-76sfnyq\"><div class=\"eb-parent-wrapper eb-parent-eb-wrapper-76sfnyq \"><div class=\"eb-wrapper-outer eb-wrapper-76sfnyq\"><div class=\"eb-wrapper-inner\"><div class=\"eb-wrapper-inner-blocks eb-wrapper-align-center\"><div class=\"wp-block-image is-resized\">\n<figure class=\"aligncenter size-full\"><img loading=\"lazy\" decoding=\"async\" width=\"229\" height=\"200\" src=\"https:\/\/bergamottcottage.com\/wp-content\/uploads\/2022\/09\/logo-bergamott-cottage-pink.png\" alt=\"logo bergamott cottage\" class=\"wp-image-1293\"\/><\/figure>\n<\/div>\n\n\n<h2 class=\"wp-block-heading has-text-align-center has-color-5-color has-text-color has-extra-large-font-size\">Une bouff\u00e9e de Bergamott ?<\/h2>\n\n\n\n<p class=\"has-text-align-center has-color-6-color has-text-color has-large-font-size\">Un g\u00eete  en harmonie avec la nature pour go\u00fbter <strong><a href=\"https:\/\/bergamottcottage.com\/slow-life-on-sy-met\/\" data-type=\"post\" data-id=\"409\">la saveur de la slow life.<\/a><\/strong><\/p>\n\n\n\n<p class=\"has-text-align-center has-color-6-color has-text-color has-large-font-size\"><br><br>Nous avons pens\u00e9 nos Cottages pour vous offrir<br> un \u00e9crin o\u00f9 go\u00fbter les  valeurs et vertus que nous partageons,<br> et avons mis en oeuvre dans leurs murs comme dans nos vies<\/p>\n\n\n\n<p class=\"has-text-align-center has-larger-font-size\"><strong>Et si c&rsquo;\u00e9tait plus simple que vous ne le pensez de changer vos habitudes ?<\/strong><\/p>\n\n\n\n<div class=\"wp-block-essential-blocks-button  root-eb-button-yn7rnf7\"><div class=\"eb-parent-wrapper eb-parent-eb-button-yn7rnf7 \"><div class=\"eb-button-wrapper eb-button-alignment eb-button-yn7rnf7\"><div class=\"eb-button\"><div class=\"eb-button-inner-wrapper \"><a class=\"eb-button-anchor  \" href=\"https:\/\/bergamottcottage.com\/reservations\/\" rel=\"noopener\">RESERVER<\/a><\/div><\/div><\/div><\/div><\/div>\n\n\n\n<p class=\"has-text-align-center has-larger-font-size\"><\/p>\n<\/div><\/div><\/div><\/div><\/div>\n","protected":false},"excerpt":{"rendered":"","protected":false},"author":1,"featured_media":0,"parent":0,"menu_order":0,"comment_status":"closed","ping_status":"closed","template":"","meta":{"_eb_attr":"Poppins","footnotes":""},"class_list":["post-53","page","type-page","status-publish","hentry"],"_links":{"self":[{"href":"https:\/\/bergamottcottage.com\/en_en\/wp-json\/wp\/v2\/pages\/53","targetHints":{"allow":["GET"]}}],"collection":[{"href":"https:\/\/bergamottcottage.com\/en_en\/wp-json\/wp\/v2\/pages"}],"about":[{"href":"https:\/\/bergamottcottage.com\/en_en\/wp-json\/wp\/v2\/types\/page"}],"author":[{"embeddable":true,"href":"https:\/\/bergamottcottage.com\/en_en\/wp-json\/wp\/v2\/users\/1"}],"replies":[{"embeddable":true,"href":"https:\/\/bergamottcottage.com\/en_en\/wp-json\/wp\/v2\/comments?post=53"}],"version-history":[{"count":0,"href":"https:\/\/bergamottcottage.com\/en_en\/wp-json\/wp\/v2\/pages\/53\/revisions"}],"wp:attachment":[{"href":"https:\/\/bergamottcottage.com\/en_en\/wp-json\/wp\/v2\/media?parent=53"}],"curies":[{"name":"wp","href":"https:\/\/api.w.org\/{rel}","templated":true}]}}