{"id":101,"date":"2021-10-07T15:26:10","date_gmt":"2021-10-07T13:26:10","guid":{"rendered":"https:\/\/bergamottcottage.com\/?page_id=101"},"modified":"2025-08-25T13:33:00","modified_gmt":"2025-08-25T11:33:00","slug":"reservations","status":"publish","type":"page","link":"https:\/\/bergamottcottage.com\/en_en\/reservations\/","title":{"rendered":"R\u00e9servations G\u00eetes"},"content":{"rendered":"<figure class=\"wp-block-image alignfull size-full\"><img loading=\"lazy\" decoding=\"async\" width=\"1018\" height=\"639\" src=\"https:\/\/bergamottcottage.com\/wp-content\/uploads\/2023\/08\/gite-facade.jpg\" alt=\"Fa\u00e7ade g\u00eete bergamott cottage dans le val de loire\" class=\"wp-image-3711\" srcset=\"https:\/\/bergamottcottage.com\/wp-content\/uploads\/2023\/08\/gite-facade.jpg 1018w, https:\/\/bergamottcottage.com\/wp-content\/uploads\/2023\/08\/gite-facade-300x188.jpg 300w, https:\/\/bergamottcottage.com\/wp-content\/uploads\/2023\/08\/gite-facade-768x482.jpg 768w, https:\/\/bergamottcottage.com\/wp-content\/uploads\/2023\/08\/gite-facade-18x12.jpg 18w, https:\/\/bergamottcottage.com\/wp-content\/uploads\/2023\/08\/gite-facade-920x577.jpg 920w, https:\/\/bergamottcottage.com\/wp-content\/uploads\/2023\/08\/gite-facade-575x361.jpg 575w, https:\/\/bergamottcottage.com\/wp-content\/uploads\/2023\/08\/gite-facade-380x239.jpg 380w\" sizes=\"auto, (max-width: 1018px) 100vw, 1018px\" \/><\/figure>\n\n\n\n<div class=\"wp-block-essential-blocks-wrapper  root-eb-wrapper-vli85z1\"><div class=\"eb-parent-wrapper eb-parent-eb-wrapper-vli85z1\"><div class=\"eb-wrapper-outer eb-wrapper-vli85z1\"><div class=\"eb-wrapper-inner\"><div class=\"eb-wrapper-inner-blocks eb-wrapper-align-center\">\n<div class=\"wp-block-group has-color-5-background-color has-background\"><div class=\"wp-block-group__inner-container is-layout-constrained wp-block-group-is-layout-constrained\">\n<p class=\"has-text-align-center has-larger-font-size translation-block\"><strong>Bergamott Cottage<\/strong> welcomes you to the Loire Valley or Dordogne\nfor a Slow Life<\/a> break.<\/p>\n\n\n\n<p>Our g\u00eetes are old buildings restored with respect for nature.<br>Authentic, quality materials in a calm, green environment, an interior designed for relaxation, but one that doesn't give in to modernity and the needs of 21st-century humans.<\/p>\n\n\n\n<div class=\"wp-block-columns is-layout-flex wp-container-core-columns-is-layout-28f84493 wp-block-columns-is-layout-flex\">\n<div class=\"wp-block-column is-layout-flow wp-block-column-is-layout-flow\" style=\"flex-basis:33.33%\"><div class=\"wp-block-image\">\n<figure class=\"aligncenter size-large is-resized\"><img loading=\"lazy\" decoding=\"async\" width=\"683\" height=\"1024\" src=\"https:\/\/bergamottcottage.com\/wp-content\/uploads\/2022\/08\/shampoing-bergamott-cottage-683x1024.jpg\" alt=\"\" class=\"wp-image-713\" style=\"aspect-ratio:0.6669921875;width:230px;height:auto\" srcset=\"https:\/\/bergamottcottage.com\/wp-content\/uploads\/2022\/08\/shampoing-bergamott-cottage-683x1024.jpg 683w, https:\/\/bergamottcottage.com\/wp-content\/uploads\/2022\/08\/shampoing-bergamott-cottage-200x300.jpg 200w, https:\/\/bergamottcottage.com\/wp-content\/uploads\/2022\/08\/shampoing-bergamott-cottage-575x863.jpg 575w, https:\/\/bergamottcottage.com\/wp-content\/uploads\/2022\/08\/shampoing-bergamott-cottage-380x570.jpg 380w, https:\/\/bergamottcottage.com\/wp-content\/uploads\/2022\/08\/shampoing-bergamott-cottage.jpg 700w\" sizes=\"auto, (max-width: 683px) 100vw, 683px\" \/><\/figure>\n<\/div><\/div>\n\n\n\n<div class=\"wp-block-column is-vertically-aligned-center is-layout-flow wp-block-column-is-layout-flow\" style=\"flex-basis:66.66%\">\n<p>Our eco-friendly lifestyle ensures that you'll find natural, homemade products for the dishwasher and washing machine. <br>And of course, natural, eco-friendly shower gel and shampoo are also available!<\/p>\n<\/div>\n<\/div>\n<\/div><\/div>\n<\/div><\/div><\/div><\/div><\/div>\n\n\n\n<div class=\"wp-block-columns is-layout-flex wp-container-core-columns-is-layout-28f84493 wp-block-columns-is-layout-flex\">\n<div class=\"wp-block-column is-layout-flow wp-block-column-is-layout-flow\">\n<h2 class=\"wp-block-heading\">How to book ?<\/h2>\n\n\n\n<div style=\"height:40px\" aria-hidden=\"true\" class=\"wp-block-spacer\"><\/div>\n\n\n\n<p><\/p>\n\n\n\n<p>You can check availability in the calendar. Only green days can be booked.<\/p>\n\n\n\n<ol class=\"wp-block-list\">\n<li class=\"translation-block\">Click on all the dates (nights) you wish to spend in the g\u00eete; the box becomes grey when selected.<\/li>\n\n\n\n<li>Then enter your details in the short form<\/li>\n<\/ol>\n\n\n\n<p>We will receive your request and contact you shortly to confirm your stay.<\/p>\n\n\n\n<p>We're delighted to welcome you to a Bergamott g\u00eete, and we'll do our utmost to make your stay an experience of a simple, natural way of life.<\/p>\n\n\n\n<div class=\"wp-block-columns is-layout-flex wp-container-core-columns-is-layout-28f84493 wp-block-columns-is-layout-flex\">\n<div class=\"wp-block-column is-layout-flow wp-block-column-is-layout-flow\">\n<div class=\"wp-block-buttons is-content-justification-center is-layout-flex wp-container-core-buttons-is-layout-a89b3969 wp-block-buttons-is-layout-flex\">\n<div class=\"wp-block-button has-custom-width wp-block-button__width-75\"><a class=\"wp-block-button__link has-color-0-color has-text-color has-large-font-size has-custom-font-size wp-element-button\" href=\"#val-de-loire\" style=\"border-radius:6px\">Val de Loire<\/a><\/div>\n<\/div>\n<\/div>\n\n\n\n<div class=\"wp-block-column is-layout-flow wp-block-column-is-layout-flow\">\n<div class=\"wp-block-buttons is-content-justification-center is-layout-flex wp-container-core-buttons-is-layout-a89b3969 wp-block-buttons-is-layout-flex\">\n<div class=\"wp-block-button has-custom-width wp-block-button__width-75\"><a class=\"wp-block-button__link has-color-0-color has-text-color has-large-font-size has-custom-font-size wp-element-button\" href=\"#dordogne\" style=\"border-radius:6px\">Dordogne<\/a><\/div>\n<\/div>\n<\/div>\n<\/div>\n\n\n\n<hr class=\"wp-block-separator has-text-color has-color-2-color has-alpha-channel-opacity has-color-2-background-color has-background is-style-dots\"\/>\n\n\n\n<div style=\"height:40px\" aria-hidden=\"true\" id=\"val-de-loire\" class=\"wp-block-spacer\"><\/div>\n\n\n\n<h3 class=\"wp-block-heading\">The Val de Loire g\u00eete<\/h3>\n\n\n\n<p><em>An eco-responsible g\u00eete between the Loire and the ch\u00e2teaux<\/em><\/p>\n\n\n\n<p>Le g\u00eete est d\u00e9j\u00e0 r\u00e9serv\u00e9  !<\/p>\n\n\n\n<div style=\"height:40px\" aria-hidden=\"true\" id=\"dordogne\" class=\"wp-block-spacer\"><\/div>\n\n\n\n<hr class=\"wp-block-separator has-text-color has-color-2-color has-alpha-channel-opacity has-color-2-background-color has-background is-style-dots\"\/>\n\n\n\n<h3 class=\"wp-block-heading\">La bergerie des petits loups <\/h3>\n\n\n\n<p><em> An eco-responsible g\u00eete where you can enjoy the good life in the Dordogne<\/em><\/p>\n\n\n\n<h4 class=\"wp-block-heading\">Book now<\/h4>\n\n\n\n<div class=\"wp-block-booking-booking\"> <div id=\"form_id1733022613725\" class=\"wpbc_container wpbc_form wpbc_container_booking_form\" ><form id=\"booking_form1\" class=\"booking_form vertical\" method=\"post\" action=\"\" data-trp-original-action=\"\"><div id=\"ajax_respond_insert1\" class=\"ajax_respond_insert\" style=\"display:none;\"><\/div><a name=\"bklnk1\" id=\"bklnk1\"><\/a><div id=\"booking_form_div1\" class=\"booking_form_div\"><style type=\"text\/css\">.wpbc_container_booking_form .block_hints, .wpbc_booking_form_simple.wpbc_form_center .wpbc__form__div .wpbc__row.wpbc_r_calendar, .wpbc_booking_form_simple .wpbc__form__div .wpbc__row:not(.wpbc_r_calendar){max-width:440px;} <\/style>\n<div class=\"wpbc_booking_form_simple\">\n<div class=\"wpbc__row\">\n  <div class=\"wpbc__field\">\n    <div class=\"wpbc_calendar_wraper wpbc_change_over_triangle wpbc_calendar_skin_legacy\"><div class=\"wpbc_cal_container bk_calendar_frame wpbc_no_custom_width  months_num_in_row_ cal_month_num_1\" style=\"\"><div id=\"calendar_booking1\"  class=\"wpbc_calendar_id_1\" >\t<div class=\"calendar_loader_frame calendar_loader_frame1\"\r\n\t\tdata-wpbc-rid=\"1\"\r\n\t\tdata-wpbc-grace=\"8000\"\r\n\t\tstyle=\"--wpbc-loader-cols: 1;\"\r\n\t>\r\n\t\t<div class=\"calendar_loader_text\">Loading...<\/div>\r\n\t\t<div class=\"calendar_loader_frame__progress_line_container\">\r\n\t\t\t<div class=\"calendar_loader_frame__progress_line\"><\/div>\r\n\t\t<\/div>\r\n\t<\/div>\r\n\t<\/div><\/div><div style=\"font-size:7px;text-align:left;margin:0 0 10px;text-shadow: none;\">Powered by <a href=\"https:\/\/wpbookingcalendar.com\" style=\"font-size:7px;\" target=\"_blank\" title=\"Booking Calendar plugin for WordPress\" rel=\"nofollow noopener\">Booking Calendar<\/a><\/div><textarea id=\"date_booking1\" name=\"date_booking1\" autocomplete=\"off\" style=\"display:none;\"><\/textarea><div class=\"block_hints datepick  block_hints_vertical\"><div class=\"wpdev_hint_with_text\"><div class=\"\"><div class=\"datepick-inline wpbc_calendar_legend_table_width_height\"><table class=\"datepick wpbc_calendar\" style=\"\"><tbody><tr><td class=\"datepick-days-cell date_available wpbc_calendar_legend_day_cell_height\"><div class=\"wpbc-cell-box\">\t<div class=\"date-cell-content\">\t\t<div class=\"date-content-top\"><\/div>\t\t<a>29<\/a>\t\t<div class=\"date-content-bottom\"><\/div>\t<\/div><\/div><\/td><\/tr><\/tbody><\/table><\/div><\/div><div class=\"block_text\">- <\/div><div class=\"block_text\">Available<\/div><\/div><div class=\"wpdev_hint_with_text\"><div class=\"\"><div class=\"datepick-inline wpbc_calendar_legend_table_width_height\"><table class=\"datepick wpbc_calendar\" style=\"\"><tbody><tr><td class=\"datepick-days-cell datepick-unselectable date_user_unavailable full_day_booking date_approved wpbc_calendar_legend_day_cell_height\"><div class=\"wpbc-cell-box\">\t<div class=\"date-cell-content\">\t\t<div class=\"date-content-top\"><\/div>\t\t<span>29<\/span>\t\t<div class=\"date-content-bottom\"><\/div>\t<\/div><\/div><\/td><\/tr><\/tbody><\/table><\/div><\/div><div class=\"block_text\">- <\/div><div class=\"block_text\">Booked<\/div><\/div><div class=\"wpdev_hint_with_text\"><div class=\"\"><div class=\"datepick-inline wpbc_calendar_legend_table_width_height\"><table class=\"datepick wpbc_calendar\" style=\"\"><tbody><tr><td class=\"datepick-days-cell datepick-unselectable date_user_unavailable full_day_booking date2approve wpbc_calendar_legend_day_cell_height\"><div class=\"wpbc-cell-box\">\t<div class=\"date-cell-content\">\t\t<div class=\"date-content-top\"><\/div>\t\t<span>29<\/span>\t\t<div class=\"date-content-bottom\"><\/div>\t<\/div><\/div><\/td><\/tr><\/tbody><\/table><\/div><\/div><div class=\"block_text\">- <\/div><div class=\"block_text\">Booking option<\/div><\/div><div class=\"wpdev_hint_with_text\"><div class=\"\"><span class=\"wpbc_change_over_triangle\"><div class=\"datepick-inline wpbc_calendar_legend_table_width_height\"><table class=\"datepick wpbc_calendar\" style=\"\"><tbody><tr><td class=\"datepick-days-cell date_available date2approve timespartly times_clock wpbc_calendar_legend_day_cell_height\"><div class=\"wpbc-cell-box\">\t<div class=\"wpbc-diagonal-el\">\t\t<div class=\"wpbc-co-out\"><svg height=\"100%\" width=\"100%\" viewbox=\"0 0 100 100\" preserveaspectratio=\"none\"><polygon points=\"0,0 0,99 99,0\"><\/polygon><polygon points=\"0,0 0,100 49,100 49,0\"><\/polygon><\/svg><\/div>\t\t<div class=\"wpbc-co-in\"><svg height=\"100%\" width=\"100%\" viewbox=\"0 0 98 98\" preserveaspectratio=\"none\"><polygon points=\"0,99 99,99 99,0\"><\/polygon><polygon points=\"50,98 98,98 98,0 50,0\"><\/polygon><\/svg><\/div>\t<\/div>\t<div class=\"date-cell-content\">\t\t<div class=\"date-content-top\"><div class=\"wpbc_time_dots\">\u00b7<\/div><\/div>\t\t<a>29<\/a>\t\t<div class=\"date-content-bottom\"><\/div>\t<\/div><\/div><\/td><\/tr><\/tbody><\/table><\/div><\/span><\/div><div class=\"block_text\">- <\/div><div class=\"block_text\">Partiellement r\u00e9serv\u00e9<\/div><\/div><\/div><\/div>\n  <\/div>\n  <div class=\"wpbc__field\">\n<div class=\"wpbc__form__div\">\n\t\t\t<div class=\"wpbc__row\">\n\t\t\t\t<div class=\"wpbc_r_name wpbc__field\"> <label>Pr\u00e9nom*<\/label><br><span class=\"wpbc_wrap_text wpdev-form-control-wrap name1\"><input type=\"text\" name=\"name1\" value=\"\" autocomplete=\"name\" class=\"wpdev-validates-as-required\" size=\"40\" \/><\/span> <\/div>\n\t\t\t<\/div>\n\t\t\t<div class=\"wpbc__row\">\n\t\t\t\t<div class=\"wpbc_r_secondname wpbc__field\"> <label>Nom*<\/label><br><span class=\"wpbc_wrap_text wpdev-form-control-wrap secondname1\"><input type=\"text\" name=\"secondname1\" value=\"\" autocomplete=\"secondname\" class=\"wpdev-validates-as-required\" size=\"40\" \/><\/span> <\/div>\n\t\t\t<\/div>\n\t\t\t<div class=\"wpbc__row\">\n\t\t\t\t<div class=\"wpbc_r_email wpbc__field\"> <label>Email*<\/label><br><span class=\"wpbc_wrap_text wpdev-form-control-wrap email1\"><input type=\"email\" name=\"email1\" value=\"\" autocomplete=\"email\" class=\"wpdev-validates-as-email wpdev-validates-as-required\" size=\"40\" \/><\/span> <\/div>\n\t\t\t<\/div>\n\t\t\t<div class=\"wpbc__row\">\n\t\t\t\t<div class=\"wpbc_r_phone wpbc__field\"> <label>T\u00e9l\u00e9phone*<\/label><br><span class=\"wpbc_wrap_text wpdev-form-control-wrap phone1\"><input type=\"text\" name=\"phone1\" value=\"\" autocomplete=\"phone\" class=\"wpdev-validates-as-required\" size=\"40\" \/><\/span> <\/div>\n\t\t\t<\/div>\n\t\t\t<div class=\"wpbc__row\">\n\t\t\t\t<div class=\"wpbc_r_captcha wpbc__field\"> <label><\/label><br><span class=\"wpbc_text_captcha_container wpdev-form-control-wrap\"><input  autocomplete=\"off\" type=\"hidden\" name=\"wpdev_captcha_challenge_1\"  id=\"wpdev_captcha_challenge_1\" value=\"452260501\" \/><input  autocomplete=\"off\" type=\"text\" class=\"captachinput\" value=\"\" name=\"captcha_input1\" id=\"captcha_input1\" \/><img decoding=\"async\" class=\"captcha_img\"  id=\"captcha_img1\" alt=\"To show CAPTCHA, please deactivate cache plugin or exclude this page from caching or disable CAPTCHA at WP Booking Calendar - Settings General page in Form Options section.\" src=\"https:\/\/bergamottcottage.com\/wp-content\/plugins\/booking\/js\/captcha\/tmp\/452260501.png\" \/><\/span> <\/div>\n\t\t\t<\/div>\n\t\t\t<div class=\"wpbc__row\">\n\t\t\t\t<div class=\"wpbc_r_submit wpbc__field\"><input type=\"button\" value=\"Book now\" class=\"wpbc_button_light  btn btn\" onclick=\"wpbc_booking_form_submit(this.form,1, 'en_GB');\" \/> <\/div>\n\t\t\t<\/div>\n<\/div>\n\t<\/div>\n\t<\/div>\n<\/div><input id=\"bk_type1\" name=\"bk_type1\" class=\"\" type=\"hidden\" value=\"1\" \/><\/div><div id=\"submiting1\"><\/div><div class=\"form_bk_messages\" id=\"form_bk_messages1\" ><\/div><input type=\"hidden\" id=\"wpbc_nonceCALCULATE_THE_COST1\" name=\"wpbc_nonceCALCULATE_THE_COST1\" value=\"d2e092ca86\" \/><input type=\"hidden\" name=\"_wp_http_referer\" value=\"\/en_en\/wp-json\/wp\/v2\/pages\/101\" \/><input type=\"hidden\" name=\"trp-form-language\" value=\"en_en\"\/><\/form><\/div><div id=\"booking_form_garbage1\" class=\"booking_form_garbage\"><\/div> <\/div>\n\n\n\n<div class=\"wp-block-essential-blocks-wrapper  root-eb-wrapper-zkxrnww\"><div class=\"eb-parent-wrapper eb-parent-eb-wrapper-zkxrnww\"><div class=\"eb-wrapper-outer eb-wrapper-zkxrnww\"><div class=\"eb-wrapper-inner\"><div class=\"eb-wrapper-inner-blocks\">\n<div class=\"wp-block-essential-blocks-row alignfull  root-eb-row-9c4d2w4\"><div class=\"eb-parent-wrapper eb-parent-eb-row-9c4d2w4\"><div class=\"eb-row-root-container eb-row-9c4d2w4\" data-id=\"eb-row-9c4d2w4\"><div class=\"eb-row-wrapper\"><div class=\"eb-row-inner\">\n<div class=\"wp-block-essential-blocks-column  root-eb-column-lraz0js\"><div class=\"eb-parent-wrapper eb-parent-eb-column-lraz0js\"><div class=\"eb-column-wrapper eb-column-lraz0js\"><div class=\"eb-column-inner\">\n<div class=\"wp-block-essential-blocks-row alignfull  root-eb-row-fce4bp9\"><div class=\"eb-parent-wrapper eb-parent-eb-row-fce4bp9\"><div class=\"eb-row-root-container eb-row-fce4bp9\" data-id=\"eb-row-fce4bp9\"><div class=\"eb-row-wrapper\"><div class=\"eb-row-inner\">\n<div class=\"wp-block-essential-blocks-column  root-eb-column-0sy6wtt\"><div class=\"eb-parent-wrapper eb-parent-eb-column-0sy6wtt\"><div class=\"eb-column-wrapper eb-column-0sy6wtt\"><div class=\"eb-column-inner\">\n<p class=\"has-text-align-center\" style=\"font-size:30px;font-style:normal;font-weight:900\">135\u20ac \/ nuit<\/p>\n\n\n\n<p class=\"has-text-align-center\" style=\"text-transform:uppercase\">du 27 mars au 25 juin 26<br>Du 1 sept au 28 SEPTEMBRE 25<\/p>\n<\/div><\/div><\/div><\/div>\n\n\n\n<div class=\"wp-block-essential-blocks-column  root-eb-column-1akbqof\"><div class=\"eb-parent-wrapper eb-parent-eb-column-1akbqof\"><div class=\"eb-column-wrapper eb-column-1akbqof\"><div class=\"eb-column-inner\">\n<p class=\"has-text-align-center\" style=\"font-size:30px;font-style:normal;font-weight:900\">150\u20ac\/night<\/p>\n\n\n\n<p class=\"has-text-align-center\" style=\"text-transform:uppercase\">du 26 JUIN au 31 AO\u00dbT 26<\/p>\n<\/div><\/div><\/div><\/div>\n<\/div><\/div><\/div><\/div><\/div>\n\n\n\n<p class=\"has-text-align-center has-color-1-background-color has-background\" style=\"font-size:30px;font-style:normal;font-weight:700\">+50\u20ac cleaning fee<\/p>\n\n\n\n<p class=\"has-text-align-center has-color-5-background-color has-background\" style=\"font-style:normal;font-weight:300;letter-spacing:6px;text-transform:uppercase\">Animaux accept\u00e9s sans frais suppl\u00e9mentaires<\/p>\n<\/div><\/div><\/div><\/div>\n<\/div><\/div><\/div><\/div><\/div>\n<\/div><\/div><\/div><\/div><\/div>\n<\/div>\n<\/div>","protected":false},"excerpt":{"rendered":"<p>Comment r\u00e9server ? Vous pouvez v\u00e9rifier la disponibilit\u00e9 des g\u00eetes dans les calendriers. Seuls les jours en vert peuvent \u00eatre r\u00e9serv\u00e9s. Nous recevrons votre demande et prendrons contact avec vous [&hellip;]<\/p>\n","protected":false},"author":1,"featured_media":0,"parent":0,"menu_order":0,"comment_status":"closed","ping_status":"closed","template":"essential-blocks-fullwidth-template.php","meta":{"_eb_attr":"","footnotes":""},"class_list":["post-101","page","type-page","status-publish","hentry"],"_links":{"self":[{"href":"https:\/\/bergamottcottage.com\/en_en\/wp-json\/wp\/v2\/pages\/101","targetHints":{"allow":["GET"]}}],"collection":[{"href":"https:\/\/bergamottcottage.com\/en_en\/wp-json\/wp\/v2\/pages"}],"about":[{"href":"https:\/\/bergamottcottage.com\/en_en\/wp-json\/wp\/v2\/types\/page"}],"author":[{"embeddable":true,"href":"https:\/\/bergamottcottage.com\/en_en\/wp-json\/wp\/v2\/users\/1"}],"replies":[{"embeddable":true,"href":"https:\/\/bergamottcottage.com\/en_en\/wp-json\/wp\/v2\/comments?post=101"}],"version-history":[{"count":0,"href":"https:\/\/bergamottcottage.com\/en_en\/wp-json\/wp\/v2\/pages\/101\/revisions"}],"wp:attachment":[{"href":"https:\/\/bergamottcottage.com\/en_en\/wp-json\/wp\/v2\/media?parent=101"}],"curies":[{"name":"wp","href":"https:\/\/api.w.org\/{rel}","templated":true}]}}